{"id":895,"date":"2024-03-05T09:40:24","date_gmt":"2024-03-05T09:40:24","guid":{"rendered":"https:\/\/safetyconsultant.ro\/?page_id=895"},"modified":"2024-08-30T13:29:40","modified_gmt":"2024-08-30T13:29:40","slug":"formare-profesionala","status":"publish","type":"page","link":"https:\/\/safetyconsultant.ro\/index.php\/formare-profesionala\/","title":{"rendered":"Formare Profesional\u0103"},"content":{"rendered":"<div class=\"wp-block-image\">\n<figure class=\"aligncenter size-full\"><img loading=\"lazy\" decoding=\"async\" width=\"2177\" height=\"1089\" src=\"https:\/\/safetyconsultant.ro\/wp-content\/uploads\/2024\/08\/11b.jpg\" alt=\"\" class=\"wp-image-1223\"\/><\/figure><\/div>\n\n\n<div style=\"height:20px\" aria-hidden=\"true\" class=\"wp-block-spacer\"><\/div>\n\n\n\n<div class=\"wp-block-cover is-light\" style=\"min-height:300px;aspect-ratio:unset;\"><span aria-hidden=\"true\" class=\"wp-block-cover__background has-nv-site-bg-background-color has-background-dim-100 has-background-dim\"><\/span><div class=\"wp-block-cover__inner-container is-layout-flow wp-block-cover-is-layout-flow\">\n<div class=\"wp-block-columns is-layout-flex wp-container-core-columns-is-layout-9d6595d7 wp-block-columns-is-layout-flex\">\n<div class=\"wp-block-column is-layout-flow wp-block-column-is-layout-flow\">\n<p>\u00cen cur\u00e2nd! Contacta\u021bi-ne pentru mai multe detalii.<\/p>\n\n\n\n<div style=\"height:10px\" aria-hidden=\"true\" class=\"wp-block-spacer\"><\/div>\n\n\n\n<div class=\"wp-block-buttons is-horizontal is-content-justification-left is-layout-flex wp-container-core-buttons-is-layout-7e5fce0a wp-block-buttons-is-layout-flex\">\n<div class=\"wp-block-button is-style-primary animated fadeInUp\"><a class=\"wp-block-button__link has-text-align-left wp-element-button\" href=\"https:\/\/safetyconsultant.ro\/index.php\/servicii\/\">\u00ceNAPOI LA SERVICII<\/a><\/div>\n<\/div>\n\n\n\n<div style=\"height:40px\" aria-hidden=\"true\" class=\"wp-block-spacer\"><\/div>\n\n\n\n<hr class=\"wp-block-separator has-alpha-channel-opacity\"\/>\n\n\n\n<div id=\"wp-block-themeisle-blocks-advanced-columns-40db0924\" class=\"wp-block-themeisle-blocks-advanced-columns alignfull has-2-columns has-desktop-equal-layout has-tablet-equal-layout has-mobile-collapsedRows-layout has-vertical-top ticss-c00aadba\"><div class=\"wp-block-themeisle-blocks-advanced-columns-overlay\"><\/div><div class=\"innerblocks-wrap\">\n<div id=\"wp-block-themeisle-blocks-advanced-column-006aede9\" class=\"wp-block-themeisle-blocks-advanced-column\">\n<h2 id=\"wp-block-themeisle-blocks-advanced-heading-8e35b90f\" class=\"wp-block-themeisle-blocks-advanced-heading wp-block-themeisle-blocks-advanced-heading-8e35b90f\">Date de contact<\/h2>\n\n\n\n<div id=\"wp-block-themeisle-blocks-icon-list-dfc1fb3a\" class=\"wp-block-themeisle-blocks-icon-list\">\n<div id=\"wp-block-themeisle-blocks-icon-list-item-e6a57e87\" class=\"wp-block-themeisle-blocks-icon-list-item\"><i class=\"fas fa-phone wp-block-themeisle-blocks-icon-list-item-icon\"><\/i><p class=\"wp-block-themeisle-blocks-icon-list-item-content\"><strong>(+4) 0727 000 200<\/strong><\/p><\/div>\n\n\n\n<div id=\"wp-block-themeisle-blocks-icon-list-item-d4eec3f8\" class=\"wp-block-themeisle-blocks-icon-list-item\"><i class=\"fas fa-map-marker-alt wp-block-themeisle-blocks-icon-list-item-icon\"><\/i><p class=\"wp-block-themeisle-blocks-icon-list-item-content\">Str. Ciprian Porumbescu nr. 17B, Otopeni, jud. Ilfov &#8211; Rom\u00e2nia<\/p><\/div>\n<\/div>\n\n\n\n<div style=\"height:20px\" aria-hidden=\"true\" class=\"wp-block-spacer\"><\/div>\n\n\n\n<p id=\"wp-block-themeisle-blocks-advanced-heading-9b27b614\" class=\"wp-block-themeisle-blocks-advanced-heading wp-block-themeisle-blocks-advanced-heading-9b27b614\"><strong>Follow on Social<\/strong><\/p>\n\n\n\n<ul class=\"wp-block-social-links has-large-icon-size is-style-logos-only is-layout-flex wp-block-social-links-is-layout-flex\"><li class=\"wp-social-link wp-social-link-whatsapp  wp-block-social-link\"><a href=\"https:\/\/wa.me\/+40727000200\" class=\"wp-block-social-link-anchor\"><svg width=\"24\" height=\"24\" viewBox=\"0 0 24 24\" version=\"1.1\" xmlns=\"http:\/\/www.w3.org\/2000\/svg\" aria-hidden=\"true\" focusable=\"false\"><path d=\"M 12.011719 2 C 6.5057187 2 2.0234844 6.478375 2.0214844 11.984375 C 2.0204844 13.744375 2.4814687 15.462563 3.3554688 16.976562 L 2 22 L 7.2324219 20.763672 C 8.6914219 21.559672 10.333859 21.977516 12.005859 21.978516 L 12.009766 21.978516 C 17.514766 21.978516 21.995047 17.499141 21.998047 11.994141 C 22.000047 9.3251406 20.962172 6.8157344 19.076172 4.9277344 C 17.190172 3.0407344 14.683719 2.001 12.011719 2 z M 12.009766 4 C 14.145766 4.001 16.153109 4.8337969 17.662109 6.3417969 C 19.171109 7.8517969 20.000047 9.8581875 19.998047 11.992188 C 19.996047 16.396187 16.413812 19.978516 12.007812 19.978516 C 10.674812 19.977516 9.3544062 19.642812 8.1914062 19.007812 L 7.5175781 18.640625 L 6.7734375 18.816406 L 4.8046875 19.28125 L 5.2851562 17.496094 L 5.5019531 16.695312 L 5.0878906 15.976562 C 4.3898906 14.768562 4.0204844 13.387375 4.0214844 11.984375 C 4.0234844 7.582375 7.6067656 4 12.009766 4 z M 8.4765625 7.375 C 8.3095625 7.375 8.0395469 7.4375 7.8105469 7.6875 C 7.5815469 7.9365 6.9355469 8.5395781 6.9355469 9.7675781 C 6.9355469 10.995578 7.8300781 12.182609 7.9550781 12.349609 C 8.0790781 12.515609 9.68175 15.115234 12.21875 16.115234 C 14.32675 16.946234 14.754891 16.782234 15.212891 16.740234 C 15.670891 16.699234 16.690438 16.137687 16.898438 15.554688 C 17.106437 14.971687 17.106922 14.470187 17.044922 14.367188 C 16.982922 14.263188 16.816406 14.201172 16.566406 14.076172 C 16.317406 13.951172 15.090328 13.348625 14.861328 13.265625 C 14.632328 13.182625 14.464828 13.140625 14.298828 13.390625 C 14.132828 13.640625 13.655766 14.201187 13.509766 14.367188 C 13.363766 14.534188 13.21875 14.556641 12.96875 14.431641 C 12.71875 14.305641 11.914938 14.041406 10.960938 13.191406 C 10.218937 12.530406 9.7182656 11.714844 9.5722656 11.464844 C 9.4272656 11.215844 9.5585938 11.079078 9.6835938 10.955078 C 9.7955938 10.843078 9.9316406 10.663578 10.056641 10.517578 C 10.180641 10.371578 10.223641 10.267562 10.306641 10.101562 C 10.389641 9.9355625 10.347156 9.7890625 10.285156 9.6640625 C 10.223156 9.5390625 9.737625 8.3065 9.515625 7.8125 C 9.328625 7.3975 9.131125 7.3878594 8.953125 7.3808594 C 8.808125 7.3748594 8.6425625 7.375 8.4765625 7.375 z\"><\/path><\/svg><span class=\"wp-block-social-link-label screen-reader-text\">WhatsApp<\/span><\/a><\/li>\n\n<li class=\"wp-social-link wp-social-link-facebook  wp-block-social-link\"><a href=\"https:\/\/www.facebook.com\/SafetyConsultant.R0\/\" class=\"wp-block-social-link-anchor\"><svg width=\"24\" height=\"24\" viewBox=\"0 0 24 24\" version=\"1.1\" xmlns=\"http:\/\/www.w3.org\/2000\/svg\" aria-hidden=\"true\" focusable=\"false\"><path d=\"M12 2C6.5 2 2 6.5 2 12c0 5 3.7 9.1 8.4 9.9v-7H7.9V12h2.5V9.8c0-2.5 1.5-3.9 3.8-3.9 1.1 0 2.2.2 2.2.2v2.5h-1.3c-1.2 0-1.6.8-1.6 1.6V12h2.8l-.4 2.9h-2.3v7C18.3 21.1 22 17 22 12c0-5.5-4.5-10-10-10z\"><\/path><\/svg><span class=\"wp-block-social-link-label screen-reader-text\">Facebook<\/span><\/a><\/li>\n\n<li class=\"wp-social-link wp-social-link-linkedin  wp-block-social-link\"><a href=\"#\" class=\"wp-block-social-link-anchor\"><svg width=\"24\" height=\"24\" viewBox=\"0 0 24 24\" version=\"1.1\" xmlns=\"http:\/\/www.w3.org\/2000\/svg\" aria-hidden=\"true\" focusable=\"false\"><path d=\"M19.7,3H4.3C3.582,3,3,3.582,3,4.3v15.4C3,20.418,3.582,21,4.3,21h15.4c0.718,0,1.3-0.582,1.3-1.3V4.3 C21,3.582,20.418,3,19.7,3z M8.339,18.338H5.667v-8.59h2.672V18.338z M7.004,8.574c-0.857,0-1.549-0.694-1.549-1.548 c0-0.855,0.691-1.548,1.549-1.548c0.854,0,1.547,0.694,1.547,1.548C8.551,7.881,7.858,8.574,7.004,8.574z M18.339,18.338h-2.669 v-4.177c0-0.996-0.017-2.278-1.387-2.278c-1.389,0-1.601,1.086-1.601,2.206v4.249h-2.667v-8.59h2.559v1.174h0.037 c0.356-0.675,1.227-1.387,2.526-1.387c2.703,0,3.203,1.779,3.203,4.092V18.338z\"><\/path><\/svg><span class=\"wp-block-social-link-label screen-reader-text\">LinkedIn<\/span><\/a><\/li><\/ul>\n<\/div>\n\n\n\n<div id=\"wp-block-themeisle-blocks-advanced-column-ee3078f9\" class=\"wp-block-themeisle-blocks-advanced-column\">\n<div id=\"wp-block-themeisle-blocks-form-c02278c7\" class=\"wp-block-themeisle-blocks-form\" data-option-name=\"bf9b28ff82ce323187abc5d0feb0d8f07ecd8436_c02278c7\"><form class=\"otter-form__container\">\n<p><strong>Spune-ne \u00een c\u00e2teva cuvinte despre proiectul t\u0103u \u0219i vom \u00eencerca s\u0103 \u00ee\u021bi venim \u00een ajutor!<\/strong><\/p>\n\n\n\n<div id=\"wp-block-themeisle-blocks-form-input-b7bbe5bf\" class=\"wp-block-themeisle-blocks-form-input\"><label for=\"wp-block-themeisle-blocks-form-input-b7bbe5bf-input\" class=\"otter-form-input-label\"><span class=\"otter-form-input-label__label\">Nume<\/span><span class=\"required\">*<\/span><\/label><input type=\"text\" id=\"wp-block-themeisle-blocks-form-input-b7bbe5bf-input\" required class=\"otter-form-input\"\/><\/div>\n\n\n\n<div id=\"wp-block-themeisle-blocks-form-input-6cf151a8\" class=\"wp-block-themeisle-blocks-form-input\"><label for=\"wp-block-themeisle-blocks-form-input-6cf151a8-input\" class=\"otter-form-input-label\"><span class=\"otter-form-input-label__label\">Email<\/span><span class=\"required\">*<\/span><\/label><input type=\"email\" id=\"wp-block-themeisle-blocks-form-input-6cf151a8-input\" required class=\"otter-form-input\"\/><\/div>\n\n\n\n<div id=\"wp-block-themeisle-blocks-form-textarea-516ebef1\" class=\"wp-block-themeisle-blocks-form-textarea\"><label for=\"wp-block-themeisle-blocks-form-textarea-516ebef1-input\" class=\"otter-form-textarea-label\"><span class=\"otter-form-textarea-label__label\">Mesaj<\/span><\/label><textarea id=\"wp-block-themeisle-blocks-form-textarea-516ebef1-input\" rows=\"10\" class=\"otter-form-textarea-input\"><\/textarea><\/div>\n\n\n\n<p class=\"has-extra-small-font-size\"><\/p>\n\n\n<div class=\"protection\" aria-hidden=\"true\"><input type=\"hidden\" id=\"wp-block-themeisle-blocks-form-c02278c7_nonce_field\" name=\"wp-block-themeisle-blocks-form-c02278c7_nonce_field\" value=\"d4368fa396\" \/><input type=\"hidden\" name=\"_wp_http_referer\" value=\"\/index.php\/wp-json\/wp\/v2\/pages\/895\" \/><input class=\"o-anti-bot\" type=\"checkbox\"><\/div>\n\n<div class=\"wp-block-themeisle-blocks-form-multiple-choice\" id=\"wp-block-themeisle-blocks-form-multiple-choice-bb4659c8\"><label class=\"otter-form-input-label\" >GDPR<span class=\"required\">*<\/span><\/label><div class=\"o-form-choices\"><div class=\"o-form-multiple-choice-field\"><input type=\"checkbox\" name=\"wp-block-themeisle-blocks-form-multiple-choice-bb4659c8\" id=\"field-Sunte\u021bi_de_acord_s\u0103_primi\u021bi_comunic\u0103ri_prin_e-mail_de_la_noi_prin_trimiterea_acestui_formular.\" value=\"Sunte\u021bi_de_acord_s\u0103_primi\u021bi_comunic\u0103ri_prin_e-mail_de_la_noi_prin_trimiterea_acestui_formular.\" required \/><label for=\"field-Sunte\u021bi_de_acord_s\u0103_primi\u021bi_comunic\u0103ri_prin_e-mail_de_la_noi_prin_trimiterea_acestui_formular.\" class=\"o-form-choice-label\">Sunte\u021bi de acord s\u0103 primi\u021bi comunic\u0103ri prin e-mail de la noi prin trimiterea acestui formular.<\/label><\/div><\/div><span class=\"o-form-help\"><\/span><\/div><div class=\"wp-block-button\"><button class=\"wp-block-button__link\" type=\"submit\">Trimite<\/button><\/div><\/form><\/div>\n<\/div>\n<\/div><\/div>\n<\/div>\n<\/div>\n<\/div><\/div>\n","protected":false},"excerpt":{"rendered":"","protected":false},"author":1,"featured_media":0,"parent":0,"menu_order":0,"comment_status":"closed","ping_status":"closed","template":"","meta":{"neve_meta_sidebar":"","neve_meta_container":"","neve_meta_enable_content_width":"","neve_meta_content_width":0,"neve_meta_title_alignment":"","neve_meta_author_avatar":"","neve_post_elements_order":"","neve_meta_disable_header":"","neve_meta_disable_footer":"","neve_meta_disable_title":"","_themeisle_gutenberg_block_has_review":false,"footnotes":""},"class_list":["post-895","page","type-page","status-publish","hentry"],"yoast_head":"<!-- This site is optimized with the Yoast SEO plugin v27.2 - https:\/\/yoast.com\/product\/yoast-seo-wordpress\/ -->\n<title>Formare Profesional\u0103<\/title>\n<meta name=\"robots\" content=\"index, follow, max-snippet:-1, max-image-preview:large, max-video-preview:-1\" \/>\n<link rel=\"canonical\" href=\"https:\/\/safetyconsultant.ro\/index.php\/formare-profesionala\/\" \/>\n<meta property=\"og:locale\" content=\"ro_RO\" \/>\n<meta property=\"og:type\" content=\"article\" \/>\n<meta property=\"og:title\" content=\"Formare Profesional\u0103\" \/>\n<meta property=\"og:url\" content=\"https:\/\/safetyconsultant.ro\/index.php\/formare-profesionala\/\" \/>\n<meta property=\"og:site_name\" content=\"Safety Consultant\" \/>\n<meta property=\"article:publisher\" content=\"https:\/\/www.facebook.com\/SafetyConsultant.R0\" \/>\n<meta property=\"article:modified_time\" content=\"2024-08-30T13:29:40+00:00\" \/>\n<meta property=\"og:image\" content=\"https:\/\/safetyconsultant.ro\/wp-content\/uploads\/2024\/08\/11b.jpg\" \/>\n<meta name=\"twitter:card\" content=\"summary_large_image\" \/>\n<script type=\"application\/ld+json\" class=\"yoast-schema-graph\">{\"@context\":\"https:\/\/schema.org\",\"@graph\":[{\"@type\":\"WebPage\",\"@id\":\"https:\/\/safetyconsultant.ro\/index.php\/formare-profesionala\/\",\"url\":\"https:\/\/safetyconsultant.ro\/index.php\/formare-profesionala\/\",\"name\":\"Formare Profesional\u0103\",\"isPartOf\":{\"@id\":\"https:\/\/safetyconsultant.ro\/#website\"},\"primaryImageOfPage\":{\"@id\":\"https:\/\/safetyconsultant.ro\/index.php\/formare-profesionala\/#primaryimage\"},\"image\":{\"@id\":\"https:\/\/safetyconsultant.ro\/index.php\/formare-profesionala\/#primaryimage\"},\"thumbnailUrl\":\"https:\/\/safetyconsultant.ro\/wp-content\/uploads\/2024\/08\/11b.jpg\",\"datePublished\":\"2024-03-05T09:40:24+00:00\",\"dateModified\":\"2024-08-30T13:29:40+00:00\",\"breadcrumb\":{\"@id\":\"https:\/\/safetyconsultant.ro\/index.php\/formare-profesionala\/#breadcrumb\"},\"inLanguage\":\"ro-RO\",\"potentialAction\":[{\"@type\":\"ReadAction\",\"target\":[\"https:\/\/safetyconsultant.ro\/index.php\/formare-profesionala\/\"]}]},{\"@type\":\"ImageObject\",\"inLanguage\":\"ro-RO\",\"@id\":\"https:\/\/safetyconsultant.ro\/index.php\/formare-profesionala\/#primaryimage\",\"url\":\"https:\/\/safetyconsultant.ro\/wp-content\/uploads\/2024\/08\/11b.jpg\",\"contentUrl\":\"https:\/\/safetyconsultant.ro\/wp-content\/uploads\/2024\/08\/11b.jpg\",\"width\":2177,\"height\":1089},{\"@type\":\"BreadcrumbList\",\"@id\":\"https:\/\/safetyconsultant.ro\/index.php\/formare-profesionala\/#breadcrumb\",\"itemListElement\":[{\"@type\":\"ListItem\",\"position\":1,\"name\":\"Prima pagin\u0103\",\"item\":\"https:\/\/safetyconsultant.ro\/\"},{\"@type\":\"ListItem\",\"position\":2,\"name\":\"Formare Profesional\u0103\"}]},{\"@type\":\"WebSite\",\"@id\":\"https:\/\/safetyconsultant.ro\/#website\",\"url\":\"https:\/\/safetyconsultant.ro\/\",\"name\":\"Safety Consultant\",\"description\":\"\",\"publisher\":{\"@id\":\"https:\/\/safetyconsultant.ro\/#organization\"},\"potentialAction\":[{\"@type\":\"SearchAction\",\"target\":{\"@type\":\"EntryPoint\",\"urlTemplate\":\"https:\/\/safetyconsultant.ro\/?s={search_term_string}\"},\"query-input\":{\"@type\":\"PropertyValueSpecification\",\"valueRequired\":true,\"valueName\":\"search_term_string\"}}],\"inLanguage\":\"ro-RO\"},{\"@type\":\"Organization\",\"@id\":\"https:\/\/safetyconsultant.ro\/#organization\",\"name\":\"Safety Consultant\",\"url\":\"https:\/\/safetyconsultant.ro\/\",\"logo\":{\"@type\":\"ImageObject\",\"inLanguage\":\"ro-RO\",\"@id\":\"https:\/\/safetyconsultant.ro\/#\/schema\/logo\/image\/\",\"url\":\"https:\/\/safetyconsultant.ro\/wp-content\/uploads\/2024\/02\/SC-Logo-color.png\",\"contentUrl\":\"https:\/\/safetyconsultant.ro\/wp-content\/uploads\/2024\/02\/SC-Logo-color.png\",\"width\":2954,\"height\":641,\"caption\":\"Safety Consultant\"},\"image\":{\"@id\":\"https:\/\/safetyconsultant.ro\/#\/schema\/logo\/image\/\"},\"sameAs\":[\"https:\/\/www.facebook.com\/SafetyConsultant.R0\"]}]}<\/script>\n<!-- \/ Yoast SEO plugin. -->","yoast_head_json":{"title":"Formare Profesional\u0103","robots":{"index":"index","follow":"follow","max-snippet":"max-snippet:-1","max-image-preview":"max-image-preview:large","max-video-preview":"max-video-preview:-1"},"canonical":"https:\/\/safetyconsultant.ro\/index.php\/formare-profesionala\/","og_locale":"ro_RO","og_type":"article","og_title":"Formare Profesional\u0103","og_url":"https:\/\/safetyconsultant.ro\/index.php\/formare-profesionala\/","og_site_name":"Safety Consultant","article_publisher":"https:\/\/www.facebook.com\/SafetyConsultant.R0","article_modified_time":"2024-08-30T13:29:40+00:00","og_image":[{"url":"https:\/\/safetyconsultant.ro\/wp-content\/uploads\/2024\/08\/11b.jpg","type":"","width":"","height":""}],"twitter_card":"summary_large_image","schema":{"@context":"https:\/\/schema.org","@graph":[{"@type":"WebPage","@id":"https:\/\/safetyconsultant.ro\/index.php\/formare-profesionala\/","url":"https:\/\/safetyconsultant.ro\/index.php\/formare-profesionala\/","name":"Formare Profesional\u0103","isPartOf":{"@id":"https:\/\/safetyconsultant.ro\/#website"},"primaryImageOfPage":{"@id":"https:\/\/safetyconsultant.ro\/index.php\/formare-profesionala\/#primaryimage"},"image":{"@id":"https:\/\/safetyconsultant.ro\/index.php\/formare-profesionala\/#primaryimage"},"thumbnailUrl":"https:\/\/safetyconsultant.ro\/wp-content\/uploads\/2024\/08\/11b.jpg","datePublished":"2024-03-05T09:40:24+00:00","dateModified":"2024-08-30T13:29:40+00:00","breadcrumb":{"@id":"https:\/\/safetyconsultant.ro\/index.php\/formare-profesionala\/#breadcrumb"},"inLanguage":"ro-RO","potentialAction":[{"@type":"ReadAction","target":["https:\/\/safetyconsultant.ro\/index.php\/formare-profesionala\/"]}]},{"@type":"ImageObject","inLanguage":"ro-RO","@id":"https:\/\/safetyconsultant.ro\/index.php\/formare-profesionala\/#primaryimage","url":"https:\/\/safetyconsultant.ro\/wp-content\/uploads\/2024\/08\/11b.jpg","contentUrl":"https:\/\/safetyconsultant.ro\/wp-content\/uploads\/2024\/08\/11b.jpg","width":2177,"height":1089},{"@type":"BreadcrumbList","@id":"https:\/\/safetyconsultant.ro\/index.php\/formare-profesionala\/#breadcrumb","itemListElement":[{"@type":"ListItem","position":1,"name":"Prima pagin\u0103","item":"https:\/\/safetyconsultant.ro\/"},{"@type":"ListItem","position":2,"name":"Formare Profesional\u0103"}]},{"@type":"WebSite","@id":"https:\/\/safetyconsultant.ro\/#website","url":"https:\/\/safetyconsultant.ro\/","name":"Safety Consultant","description":"","publisher":{"@id":"https:\/\/safetyconsultant.ro\/#organization"},"potentialAction":[{"@type":"SearchAction","target":{"@type":"EntryPoint","urlTemplate":"https:\/\/safetyconsultant.ro\/?s={search_term_string}"},"query-input":{"@type":"PropertyValueSpecification","valueRequired":true,"valueName":"search_term_string"}}],"inLanguage":"ro-RO"},{"@type":"Organization","@id":"https:\/\/safetyconsultant.ro\/#organization","name":"Safety Consultant","url":"https:\/\/safetyconsultant.ro\/","logo":{"@type":"ImageObject","inLanguage":"ro-RO","@id":"https:\/\/safetyconsultant.ro\/#\/schema\/logo\/image\/","url":"https:\/\/safetyconsultant.ro\/wp-content\/uploads\/2024\/02\/SC-Logo-color.png","contentUrl":"https:\/\/safetyconsultant.ro\/wp-content\/uploads\/2024\/02\/SC-Logo-color.png","width":2954,"height":641,"caption":"Safety Consultant"},"image":{"@id":"https:\/\/safetyconsultant.ro\/#\/schema\/logo\/image\/"},"sameAs":["https:\/\/www.facebook.com\/SafetyConsultant.R0"]}]}},"_links":{"self":[{"href":"https:\/\/safetyconsultant.ro\/index.php\/wp-json\/wp\/v2\/pages\/895","targetHints":{"allow":["GET"]}}],"collection":[{"href":"https:\/\/safetyconsultant.ro\/index.php\/wp-json\/wp\/v2\/pages"}],"about":[{"href":"https:\/\/safetyconsultant.ro\/index.php\/wp-json\/wp\/v2\/types\/page"}],"author":[{"embeddable":true,"href":"https:\/\/safetyconsultant.ro\/index.php\/wp-json\/wp\/v2\/users\/1"}],"replies":[{"embeddable":true,"href":"https:\/\/safetyconsultant.ro\/index.php\/wp-json\/wp\/v2\/comments?post=895"}],"version-history":[{"count":16,"href":"https:\/\/safetyconsultant.ro\/index.php\/wp-json\/wp\/v2\/pages\/895\/revisions"}],"predecessor-version":[{"id":1482,"href":"https:\/\/safetyconsultant.ro\/index.php\/wp-json\/wp\/v2\/pages\/895\/revisions\/1482"}],"wp:attachment":[{"href":"https:\/\/safetyconsultant.ro\/index.php\/wp-json\/wp\/v2\/media?parent=895"}],"curies":[{"name":"wp","href":"https:\/\/api.w.org\/{rel}","templated":true}]}}